{"id":125,"date":"2022-04-09T06:56:43","date_gmt":"2022-04-09T06:56:43","guid":{"rendered":"http:\/\/maindok.net\/?page_id=125"},"modified":"2023-03-09T18:41:27","modified_gmt":"2023-03-09T18:41:27","slug":"ski-faszination","status":"publish","type":"page","link":"https:\/\/maindok.net\/?page_id=125","title":{"rendered":"Uhr einstellen bei der Honda NC700"},"content":{"rendered":"<p><span style=\"font-size: revert;\">Ich hatte im Internet keine Anleitung gefunden, in der beschrieben wurde, wie man die Uhr bei der Honda NC700 einstellt. Jetzt habe ich ein wenig herum probiert und konnte die Uhr wie folgt einstellen:<\/span><\/p>\n<p>1. Die Honda NC700X lief. Es geht bestimmt auch, wenn nur die Z\u00fcndung an ist und der Motor nicht l\u00e4uft, was auch umweltschonender ist. Da ich aber nicht wusste wie lange ich brauche bis ich es herausgefunden hatte und die Batterie auch im Blick behalten musste, lie\u00df ich den Motor laufen.<\/p>\n<p>2. Das Display ist so aufgebaut, dass man rechts und links an den R\u00e4ndern jeweils zwei Gummipads hat, unter denen jeweils 2 Schalter \u00fcbereinander vorhanden sind.<\/p>\n<p>3. Man muss die beiden oberen Schalter rechts und links gemeinsam &gt;3 Sekunden gedr\u00fcckt halten. Dann f\u00e4ngt das Feld der Uhr an zu blinken. Bei mir blinkte die Zahl 3, mit der ich nicht wirklich etwas anfangen konnte (also die Uhrzeit wurde im Feld nicht mehr angezeigt) was ich dann mit, ich glaube dem rechten Knopf, weggedr\u00fcckt hatte und dann die Stundenanzeige der Uhr blinkte.<\/p>\n<p>4. Nun lie\u00df sich die Uhr mit den rechten Kn\u00f6pfen auf die richtige Zeit stellen. Erst die Stunden und nach dr\u00fccken des linken Knopfes dann die Minuten.<\/p>\n<p>Ich hoffe das hilft. Viele Gr\u00fc\u00dfe.<\/p>\n","protected":false},"excerpt":{"rendered":"<p>Ich hatte im Internet keine Anleitung gefunden, in der beschrieben wurde, wie man die Uhr bei der Honda NC700 einstellt. Jetzt habe ich ein wenig herum probiert und konnte die Uhr wie folgt einstellen: 1. Die Honda NC700X lief. Es geht bestimmt auch, wenn nur die Z\u00fcndung an ist und der Motor nicht l\u00e4uft, was &hellip; <a href=\"https:\/\/maindok.net\/?page_id=125\" class=\"more-link\"><span class=\"screen-reader-text\">Uhr einstellen bei der Honda NC700<\/span> weiterlesen <span class=\"meta-nav\">&rarr;<\/span><\/a><\/p>\n","protected":false},"author":1,"featured_media":0,"parent":21,"menu_order":1,"comment_status":"open","ping_status":"open","template":"","meta":{"jetpack_post_was_ever_published":false,"footnotes":""},"class_list":["post-125","page","type-page","status-publish","hentry"],"jetpack_sharing_enabled":true,"jetpack_shortlink":"https:\/\/wp.me\/PayEf1-21","_links":{"self":[{"href":"https:\/\/maindok.net\/index.php?rest_route=\/wp\/v2\/pages\/125","targetHints":{"allow":["GET"]}}],"collection":[{"href":"https:\/\/maindok.net\/index.php?rest_route=\/wp\/v2\/pages"}],"about":[{"href":"https:\/\/maindok.net\/index.php?rest_route=\/wp\/v2\/types\/page"}],"author":[{"embeddable":true,"href":"https:\/\/maindok.net\/index.php?rest_route=\/wp\/v2\/users\/1"}],"replies":[{"embeddable":true,"href":"https:\/\/maindok.net\/index.php?rest_route=%2Fwp%2Fv2%2Fcomments&post=125"}],"version-history":[{"count":2,"href":"https:\/\/maindok.net\/index.php?rest_route=\/wp\/v2\/pages\/125\/revisions"}],"predecessor-version":[{"id":589,"href":"https:\/\/maindok.net\/index.php?rest_route=\/wp\/v2\/pages\/125\/revisions\/589"}],"up":[{"embeddable":true,"href":"https:\/\/maindok.net\/index.php?rest_route=\/wp\/v2\/pages\/21"}],"wp:attachment":[{"href":"https:\/\/maindok.net\/index.php?rest_route=%2Fwp%2Fv2%2Fmedia&parent=125"}],"curies":[{"name":"wp","href":"https:\/\/api.w.org\/{rel}","templated":true}]}}