{"id":21,"date":"2015-05-03T20:09:10","date_gmt":"2015-05-03T20:09:10","guid":{"rendered":"http:\/\/maindok.net\/?page_id=21"},"modified":"2023-03-09T18:40:44","modified_gmt":"2023-03-09T18:40:44","slug":"honda-nc-700","status":"publish","type":"page","link":"https:\/\/maindok.net\/?page_id=21","title":{"rendered":"Motorrad"},"content":{"rendered":"<p><a href=\"https:\/\/maindok.net\/wp-content\/uploads\/2015\/05\/image.jpeg\"><img loading=\"lazy\" decoding=\"async\" class=\"alignnone size-medium wp-image-34\" src=\"https:\/\/maindok.net\/wp-content\/uploads\/2015\/05\/image-300x225.jpeg\" alt=\"image\" width=\"300\" height=\"225\" srcset=\"https:\/\/maindok.net\/wp-content\/uploads\/2015\/05\/image-300x225.jpeg 300w, https:\/\/maindok.net\/wp-content\/uploads\/2015\/05\/image-1024x768.jpeg 1024w, https:\/\/maindok.net\/wp-content\/uploads\/2015\/05\/image.jpeg 1632w\" sizes=\"auto, (max-width: 300px) 100vw, 300px\" \/><\/a><\/p>\n<p>Meine Honda NC 700X, mit der ich leider viel zu selten fahre.<\/p>\n<p>Es w\u00fcrde mich freuen, hier\u00fcber Motorrad-Begeisterte zu treffen. Auch gerne zum Treffen f\u00fcr gemeinsame Touren.<\/p>\n<p><\/p>\n<p><a href=\"https:\/\/maindok.net\/wp-content\/uploads\/2018\/12\/8506AB99-1C63-410D-B446-F664CB026E02.jpeg\"><img loading=\"lazy\" decoding=\"async\" class=\"alignnone size-medium wp-image-153\" src=\"https:\/\/maindok.net\/wp-content\/uploads\/2018\/12\/8506AB99-1C63-410D-B446-F664CB026E02-300x169.jpeg\" alt=\"\" width=\"300\" height=\"169\" srcset=\"https:\/\/maindok.net\/wp-content\/uploads\/2018\/12\/8506AB99-1C63-410D-B446-F664CB026E02-300x169.jpeg 300w, https:\/\/maindok.net\/wp-content\/uploads\/2018\/12\/8506AB99-1C63-410D-B446-F664CB026E02-768x432.jpeg 768w, https:\/\/maindok.net\/wp-content\/uploads\/2018\/12\/8506AB99-1C63-410D-B446-F664CB026E02-1024x576.jpeg 1024w\" sizes=\"auto, (max-width: 300px) 100vw, 300px\" \/><\/a><\/p>\n<p>Blick auf die Loreley. Fahrt durch das Rheinmitteltal bis Koblenz (Unesco Weltkulturerbe).<\/p>\n<p><\/p>\n\n\n<figure class=\"wp-block-image size-large\"><a href=\"https:\/\/maindok.net\/wp-content\/uploads\/2021\/09\/F883D0A9-94CC-4DB5-A5C6-3560C04ADE4C-scaled-e1630907825951.jpeg\"><img loading=\"lazy\" decoding=\"async\" width=\"1024\" height=\"576\" src=\"https:\/\/maindok.net\/wp-content\/uploads\/2021\/09\/F883D0A9-94CC-4DB5-A5C6-3560C04ADE4C-1024x576.jpeg\" alt=\"Miltenberg, Sept 2021\" class=\"wp-image-505\"\/><\/a><figcaption class=\"wp-element-caption\">Miltenberg am Main, Sept. 2021<\/figcaption><\/figure>\n\n\n\n<figure class=\"wp-block-image\"><img loading=\"lazy\" decoding=\"async\" width=\"1024\" height=\"851\" src=\"https:\/\/maindok.net\/wp-content\/uploads\/2020\/07\/2CA934FE-13B9-462B-B62D-1156858E75D9-1024x851.jpeg\" alt=\"\" class=\"wp-image-367\"\/><figcaption class=\"wp-element-caption\">Rheinf\u00e4hre Nierstein, Juli 2020<\/figcaption><\/figure>\n\n\n\n<figure class=\"wp-block-image\"><img loading=\"lazy\" decoding=\"async\" width=\"1024\" height=\"768\" src=\"https:\/\/maindok.net\/wp-content\/uploads\/2020\/07\/094D4EEF-3044-4D22-8212-1B0DD4A8F66F-1024x768.jpeg\" alt=\"\" class=\"wp-image-383\"\/><figcaption class=\"wp-element-caption\">Brodenbach an der Mosel, Juli 2020<\/figcaption><\/figure>\n","protected":false},"excerpt":{"rendered":"<p>Meine Honda NC 700X, mit der ich leider viel zu selten fahre. Es w\u00fcrde mich freuen, hier\u00fcber Motorrad-Begeisterte zu treffen. Auch gerne zum Treffen f\u00fcr gemeinsame Touren. Blick auf die Loreley. Fahrt durch das Rheinmitteltal bis Koblenz (Unesco Weltkulturerbe).<\/p>\n","protected":false},"author":1,"featured_media":0,"parent":0,"menu_order":0,"comment_status":"open","ping_status":"open","template":"","meta":{"jetpack_post_was_ever_published":false,"footnotes":""},"class_list":["post-21","page","type-page","status-publish","hentry"],"jetpack_sharing_enabled":true,"jetpack_shortlink":"https:\/\/wp.me\/PayEf1-l","_links":{"self":[{"href":"https:\/\/maindok.net\/index.php?rest_route=\/wp\/v2\/pages\/21","targetHints":{"allow":["GET"]}}],"collection":[{"href":"https:\/\/maindok.net\/index.php?rest_route=\/wp\/v2\/pages"}],"about":[{"href":"https:\/\/maindok.net\/index.php?rest_route=\/wp\/v2\/types\/page"}],"author":[{"embeddable":true,"href":"https:\/\/maindok.net\/index.php?rest_route=\/wp\/v2\/users\/1"}],"replies":[{"embeddable":true,"href":"https:\/\/maindok.net\/index.php?rest_route=%2Fwp%2Fv2%2Fcomments&post=21"}],"version-history":[{"count":16,"href":"https:\/\/maindok.net\/index.php?rest_route=\/wp\/v2\/pages\/21\/revisions"}],"predecessor-version":[{"id":702,"href":"https:\/\/maindok.net\/index.php?rest_route=\/wp\/v2\/pages\/21\/revisions\/702"}],"wp:attachment":[{"href":"https:\/\/maindok.net\/index.php?rest_route=%2Fwp%2Fv2%2Fmedia&parent=21"}],"curies":[{"name":"wp","href":"https:\/\/api.w.org\/{rel}","templated":true}]}}